{"id":969,"date":"2019-10-30T18:03:02","date_gmt":"2019-10-30T15:03:02","guid":{"rendered":"https:\/\/the7.io\/dev-studio\/?page_id=969"},"modified":"2023-12-11T22:03:46","modified_gmt":"2023-12-11T19:03:46","slug":"kurumsal","status":"publish","type":"page","link":"https:\/\/riposoft.com\/index.php\/kurumsal\/","title":{"rendered":"Kurumsal"},"content":{"rendered":"<p>[vc_row][vc_column][vc_empty_space height=&#8221;50px&#8221;][vc_column_text]<\/p>\n<h3>Riposoft&#8217;a Dair Bir Bak\u0131\u015f<\/h3>\n<p>[\/vc_column_text][vc_column_text]Riposoft, Antalya merkezli olup \u0130stanbul ve Erzurum\u2019da \u015fubeleri bulunan bir teknoloji firmas\u0131 olarak, dijital d\u00fcnyada s\u00fcrekli etkin \u00e7\u00f6z\u00fcmler \u00fcreten bir ekip taraf\u0131ndan kurulmu\u015ftur. Teknolojinin h\u0131zla geli\u015fti\u011fi bir \u00e7a\u011fda, Riposoft olarak amac\u0131m\u0131z, i\u015f ortaklar\u0131m\u0131za yeniliklerle dolu, g\u00fcvenilir ve \u00f6zelle\u015ftirilebilir teknoloji \u00e7\u00f6z\u00fcmleri sunmakt\u0131r.[\/vc_column_text][vc_column_text]<\/p>\n<h3>Vizyonumuz<\/h3>\n<p>[\/vc_column_text][vc_column_text]M\u00fc\u015fterilerimizin i\u015f hedeflerine ula\u015fmalar\u0131na yard\u0131mc\u0131 olarak, s\u00fcrd\u00fcr\u00fclebilir ve etkili teknoloji \u00e7\u00f6z\u00fcmleri sa\u011flamakt\u0131r. S\u00fcrekli de\u011fi\u015fen teknoloji ortam\u0131nda, m\u00fc\u015fteri memnuniyetini \u00f6n planda tutarak, sekt\u00f6rel ihtiya\u00e7lara uygun \u00e7\u00f6z\u00fcmler sunmak en b\u00fcy\u00fck vizyonumuzdur.[\/vc_column_text][vc_column_text]<\/p>\n<h3>Misyonumuz<\/h3>\n<p>[\/vc_column_text][vc_column_text]\u0130\u015f ortaklar\u0131m\u0131z\u0131n dijital d\u00f6n\u00fc\u015f\u00fcm s\u00fcre\u00e7lerini g\u00fc\u00e7lendirmek ve gelece\u011fe haz\u0131rlamak \u00fczerine odaklanm\u0131\u015ft\u0131r. Dijital \u00e7a\u011f\u0131n h\u0131zla geli\u015fti\u011fi bir ortamda, teknolojiyi bir avantaj haline getirerek i\u015f d\u00fcnyas\u0131nda \u00f6nc\u00fcs\u00fc olman\u0131za yard\u0131mc\u0131 olmay\u0131 hedefliyoruz. \u0130\u015f\u00a0 ortaklar\u0131m\u0131z\u0131n<br \/>\nmemnuniyetini sadece bir hedef de\u011fil, ayn\u0131 zamanda de\u011ferlerimizin temel bir unsuru olarak benimsemekteyiz.<\/p>\n<p>De\u011ferli i\u015f ortaklar\u0131m\u0131zla birlikte, ba\u015far\u0131ya ula\u015fmay\u0131 hedefliyor, her bir projede ihtiya\u00e7lar\u0131n\u0131za en uygun \u00e7\u00f6z\u00fcmleri sunmay\u0131 taahh\u00fct ediyoruz.<\/p>\n<p>Bize kat\u0131ld\u0131\u011f\u0131n\u0131z i\u00e7in te\u015fekk\u00fcr eder, Riposoft ailesinin bir par\u00e7as\u0131 olman\u0131n ayr\u0131cal\u0131\u011f\u0131n\u0131 ya\u015famaktan memnuniyet duyar\u0131z. \u0130lginiz i\u00e7in te\u015fekk\u00fcr eder, gelecekte birlikte \u00e7al\u0131\u015fma f\u0131rsat\u0131n\u0131 d\u00f6rt g\u00f6zle bekleriz&#8230;<\/p>\n<p>&nbsp;<\/p>\n<p style=\"text-align: right;\">Sayg\u0131lar\u0131mla&#8230;<\/p>\n<p style=\"text-align: right;\">R\u0131dvan POLAT<\/p>\n<p>[\/vc_column_text][\/vc_column][\/vc_row]<\/p>\n","protected":false},"excerpt":{"rendered":"<p>[vc_row][vc_column][vc_empty_space height=&#8221;50px&#8221;][vc_column_text] Riposoft&#8217;a Dair Bir Bak\u0131\u015f [\/vc_column_text][vc_column_text]Riposoft, Antalya merkezli olup \u0130stanbul ve Erzurum\u2019da \u015fubeleri bulunan bir teknoloji firmas\u0131 olarak, dijital d\u00fcnyada s\u00fcrekli etkin \u00e7\u00f6z\u00fcmler \u00fcreten bir ekip taraf\u0131ndan kurulmu\u015ftur. Teknolojinin h\u0131zla geli\u015fti\u011fi bir \u00e7a\u011fda, Riposoft olarak amac\u0131m\u0131z, i\u015f ortaklar\u0131m\u0131za yeniliklerle dolu, g\u00fcvenilir ve \u00f6zelle\u015ftirilebilir teknoloji \u00e7\u00f6z\u00fcmleri sunmakt\u0131r.[\/vc_column_text][vc_column_text] Vizyonumuz [\/vc_column_text][vc_column_text]M\u00fc\u015fterilerimizin i\u015f hedeflerine ula\u015fmalar\u0131na yard\u0131mc\u0131 olarak, s\u00fcrd\u00fcr\u00fclebilir&hellip;<\/p>\n","protected":false},"author":1,"featured_media":949,"parent":0,"menu_order":3,"comment_status":"closed","ping_status":"closed","template":"","meta":[],"class_list":["post-969","page","type-page","status-publish","has-post-thumbnail","hentry","description-off"],"_links":{"self":[{"href":"https:\/\/riposoft.com\/index.php\/wp-json\/wp\/v2\/pages\/969","targetHints":{"allow":["GET"]}}],"collection":[{"href":"https:\/\/riposoft.com\/index.php\/wp-json\/wp\/v2\/pages"}],"about":[{"href":"https:\/\/riposoft.com\/index.php\/wp-json\/wp\/v2\/types\/page"}],"author":[{"embeddable":true,"href":"https:\/\/riposoft.com\/index.php\/wp-json\/wp\/v2\/users\/1"}],"replies":[{"embeddable":true,"href":"https:\/\/riposoft.com\/index.php\/wp-json\/wp\/v2\/comments?post=969"}],"version-history":[{"count":14,"href":"https:\/\/riposoft.com\/index.php\/wp-json\/wp\/v2\/pages\/969\/revisions"}],"predecessor-version":[{"id":1498,"href":"https:\/\/riposoft.com\/index.php\/wp-json\/wp\/v2\/pages\/969\/revisions\/1498"}],"wp:featuredmedia":[{"embeddable":true,"href":"https:\/\/riposoft.com\/index.php\/wp-json\/wp\/v2\/media\/949"}],"wp:attachment":[{"href":"https:\/\/riposoft.com\/index.php\/wp-json\/wp\/v2\/media?parent=969"}],"curies":[{"name":"wp","href":"https:\/\/api.w.org\/{rel}","templated":true}]}}